{"id":2569,"date":"2017-03-15T03:52:01","date_gmt":"2017-03-15T03:52:01","guid":{"rendered":"http:\/\/maxstore.kutethemes.net\/?page_id=2569"},"modified":"2023-01-02T14:41:05","modified_gmt":"2023-01-02T13:41:05","slug":"contact","status":"publish","type":"page","link":"http:\/\/dreso.com.pl\/index.php\/contact\/","title":{"rendered":"Kontakt"},"content":{"rendered":"<p>[vc_row][vc_column]    <div class=\" ms-google-maps \"\r\n         id=\"az-google-maps-69e4d58099bf0\"\r\n         style=\"height: 436px;\">\r\n    <\/div>\r\n    <script type=\"text\/javascript\">\r\n        window.addEventListener('load',\r\n            function (ev) {\r\n                var $hue             = '',\r\n                    $saturation      = '',\r\n                    $modify_coloring = false,\r\n                    $ovic_map        = {\r\n                        lat: 52.42478839617713,\r\n                        lng: 16.78090133444072                    };\r\n                if ( $modify_coloring === true ) {\r\n                    var $styles = [\r\n                        {\r\n                            stylers: [\r\n                                {hue: $hue},\r\n                                {invert_lightness: false},\r\n                                {saturation: $saturation},\r\n                                {lightness: 1},\r\n                                {\r\n                                    featureType: \"landscape.man_made\",\r\n                                    stylers: [ {\r\n                                        visibility: \"on\"\r\n                                    } ]\r\n                                }\r\n                            ]\r\n                        }, {\r\n                            featureType: 'water',\r\n                            elementType: 'geometry',\r\n                            stylers: [\r\n                                {color: '#46bcec'}\r\n                            ]\r\n                        }\r\n                    ];\r\n                }\r\n                var map = new google.maps.Map(document.getElementById(\"az-google-maps-69e4d58099bf0\"), {\r\n                    zoom: 15,\r\n                    center: $ovic_map,\r\n                    mapTypeId: google.maps.MapTypeId.ROADMAP,\r\n                    styles: $styles\r\n                });\r\n\r\n                var contentString = '<div style=\"background-color:#fff; padding: 30px 30px 10px 25px; width:290px;line-height: 22px\" class=\"ovic-map-info\">' +\r\n                    '<h4 class=\"map-title\">Dreso<\/h4>' +\r\n                    '<div class=\"map-field\"><i class=\"fa fa-map-marker\"><\/i><span>&nbsp;ul. Ko\u015bcielna 69<\/span><\/div>' +\r\n                    '<div class=\"map-field\"><i class=\"fa fa-phone\"><\/i><span>&nbsp;<a href=\"tel:+48 697 695 990\">+48 697 695 990<\/a><\/span><\/div>' +\r\n                    '<div class=\"map-field\"><i class=\"fa fa-envelope\"><\/i><span><a href=\"mailto:dreso@dreso.com.pl\">&nbsp;dreso@dreso.com.pl<\/a><\/span><\/div> ' +\r\n                    '<\/div>';\r\n\r\n                var infowindow = new google.maps.InfoWindow({\r\n                    content: contentString\r\n                });\r\n\r\n                var marker = new google.maps.Marker({\r\n                    position: $ovic_map,\r\n                    map: map\r\n                });\r\n                marker.addListener('click', function () {\r\n                    infowindow.open(map, marker);\r\n                });\r\n            }, false);\r\n    <\/script>\r\n\t[\/vc_column][\/vc_row][vc_row css=&#8221;.vc_custom_1489650886823{padding-top: 35px !important;}&#8221;][vc_column width=&#8221;1\/3&#8243; css=&#8221;.vc_custom_1489650930283{margin-bottom: 30px !important;}&#8221;]    <div class=\"contact-info  \">\r\n        <i class=\"\"><\/i>\r\n        <h3 class=\"title\">TELEFONY<\/h3>\r\n\t\t            <p class=\"description\">(+48) 697 695 990, (+48) 519 080 651<\/p>\r\n\t\t    <\/div>\r\n\t[\/vc_column][vc_column width=&#8221;1\/3&#8243; css=&#8221;.vc_custom_1489650936635{margin-bottom: 30px !important;}&#8221;]    <div class=\"contact-info  \">\r\n        <i class=\"fab fa-accessible-icon\"><\/i>\r\n        <h3 class=\"title\">EMAIL<\/h3>\r\n\t\t            <a href=\"mailto:dreso@dreso.com.pl\">\r\n                <p class=\"description\">dreso@dreso.com.pl<\/p>\r\n            <\/a>\r\n\t\t    <\/div>\r\n\t[\/vc_column][vc_column width=&#8221;1\/3&#8243; css=&#8221;.vc_custom_1489650946346{margin-bottom: 30px !important;}&#8221;]    <div class=\"contact-info  \">\r\n        <i class=\"\"><\/i>\r\n        <h3 class=\"title\">SIEDZIBA FIRMY<\/h3>\r\n\t\t            <p class=\"description\">ul. Ko\u015bcielna 69, 62-081 Prze\u017amierowo<\/p>\r\n\t\t    <\/div>\r\n\t[\/vc_column][\/vc_row][vc_row][vc_column][vc_column_text]<\/p>\n<p style=\"text-align: center;\"><strong>Ofert\u0119 cenow\u0105 naszych produkt\u00f3w oraz us\u0142ug znakowania (haft, sitodruk, flock\/flex) sporz\u0105dzamy na indywidualne zapytanie Klienta.<\/strong><\/p>\n<p style=\"text-align: center;\"><strong>Prosimy o przes\u0142anie Pa\u0144stwa zapytania za pomoca poni\u017cszego formularza, osobnego maila albo kontakt telefoniczny pod jeden z numer\u00f3w ze stopki.<\/strong><\/p>\n<p style=\"text-align: center;\"><strong>Zapraszamy r\u00f3wnie\u017c osobi\u015bcie do siedziby Firmy od poniedzia\u0142ku do pi\u0105tku.<\/strong><\/p>\n<p>[\/vc_column_text][\/vc_column][\/vc_row][vc_row css=&#8221;.vc_custom_1489650966523{padding-top: 30px !important;padding-bottom: 80px !important;}&#8221;][vc_column]\n<div class=\"wpcf7 no-js\" id=\"wpcf7-f153-o1\" lang=\"en-US\" dir=\"ltr\" data-wpcf7-id=\"153\">\n<div class=\"screen-reader-response\"><p role=\"status\" aria-live=\"polite\" aria-atomic=\"true\"><\/p> <ul><\/ul><\/div>\n<form action=\"\/index.php\/wp-json\/wp\/v2\/pages\/2569#wpcf7-f153-o1\" method=\"post\" class=\"wpcf7-form init\" aria-label=\"Contact form\" novalidate=\"novalidate\" data-status=\"init\">\n<fieldset class=\"hidden-fields-container\"><input type=\"hidden\" name=\"_wpcf7\" value=\"153\" \/><input type=\"hidden\" name=\"_wpcf7_version\" value=\"6.1.5\" \/><input type=\"hidden\" name=\"_wpcf7_locale\" value=\"en_US\" \/><input type=\"hidden\" name=\"_wpcf7_unit_tag\" value=\"wpcf7-f153-o1\" \/><input type=\"hidden\" name=\"_wpcf7_container_post\" value=\"0\" \/><input type=\"hidden\" name=\"_wpcf7_posted_data_hash\" value=\"\" \/><input type=\"hidden\" name=\"_wpcf7_recaptcha_response\" value=\"\" \/>\n<\/fieldset>\n<div class=\"contact-form\">\n\t<div class=\"row\">\n\t\t<div class=\"col-md-6\">\n\t\t\t<p><span class=\"wpcf7-form-control-wrap\" data-name=\"nane\"><input size=\"40\" maxlength=\"400\" class=\"wpcf7-form-control wpcf7-text name\" aria-invalid=\"false\" placeholder=\"Imi\u0119 i nazwisko*\" value=\"\" type=\"text\" name=\"nane\" \/><\/span>\n\t\t\t<\/p>\n\t\t<\/div>\n\t\t<div class=\"col-md-6\">\n\t\t\t<p><span class=\"wpcf7-form-control-wrap\" data-name=\"email\"><input size=\"40\" maxlength=\"400\" class=\"wpcf7-form-control wpcf7-email wpcf7-text wpcf7-validates-as-email email\" aria-invalid=\"false\" placeholder=\"Email*\" value=\"\" type=\"email\" name=\"email\" \/><\/span>\n\t\t\t<\/p>\n\t\t<\/div>\n\t\t<div class=\"col-xs-12\">\n\t\t\t<p><span class=\"wpcf7-form-control-wrap\" data-name=\"message\"><textarea cols=\"40\" rows=\"10\" maxlength=\"2000\" class=\"wpcf7-form-control wpcf7-textarea message\" aria-invalid=\"false\" placeholder=\"Wiadomo\u015b\u0107\" name=\"message\"><\/textarea><\/span>\n\t\t\t<\/p>\n\t\t<\/div>\n\t<\/div>\n\t<p><input class=\"wpcf7-form-control wpcf7-submit has-spinner send-message\" type=\"submit\" value=\"Wy\u015blij wiadomo\u015b\u0107\" \/>\n\t<\/p>\n<\/div><div class=\"wpcf7-response-output\" aria-hidden=\"true\"><\/div>\n<\/form>\n<\/div>\n[\/vc_column][\/vc_row]<\/p>\n","protected":false},"excerpt":{"rendered":"<p>[vc_row][vc_column][\/vc_column][\/vc_row][vc_row css=&#8221;.vc_custom_1489650886823{padding-top: 35px !important;}&#8221;][vc_column width=&#8221;1\/3&#8243; css=&#8221;.vc_custom_1489650930283{margin-bottom: 30px !important;}&#8221;][\/vc_column][vc_column width=&#8221;1\/3&#8243; css=&#8221;.vc_custom_1489650936635{margin-bottom: 30px !important;}&#8221;][\/vc_column][vc_column width=&#8221;1\/3&#8243; css=&#8221;.vc_custom_1489650946346{margin-bottom: 30px !important;}&#8221;][\/vc_column][\/vc_row][vc_row][vc_column][vc_column_text] Ofert\u0119 cenow\u0105 naszych produkt\u00f3w oraz us\u0142ug znakowania (haft, sitodruk, flock\/flex) sporz\u0105dzamy na indywidualne zapytanie Klienta. Prosimy o przes\u0142anie Pa\u0144stwa zapytania za pomoca poni\u017cszego formularza, osobnego maila albo kontakt telefoniczny pod jeden z numer\u00f3w ze stopki. Zapraszamy r\u00f3wnie\u017c osobi\u015bcie do [&hellip;]<\/p>\n","protected":false},"author":1,"featured_media":0,"parent":0,"menu_order":0,"comment_status":"closed","ping_status":"closed","template":"page-templates\/fullwidth-breadcrumbs.php","meta":{"footnotes":""},"class_list":["post-2569","page","type-page","status-publish","hentry"],"_links":{"self":[{"href":"http:\/\/dreso.com.pl\/index.php\/wp-json\/wp\/v2\/pages\/2569","targetHints":{"allow":["GET"]}}],"collection":[{"href":"http:\/\/dreso.com.pl\/index.php\/wp-json\/wp\/v2\/pages"}],"about":[{"href":"http:\/\/dreso.com.pl\/index.php\/wp-json\/wp\/v2\/types\/page"}],"author":[{"embeddable":true,"href":"http:\/\/dreso.com.pl\/index.php\/wp-json\/wp\/v2\/users\/1"}],"replies":[{"embeddable":true,"href":"http:\/\/dreso.com.pl\/index.php\/wp-json\/wp\/v2\/comments?post=2569"}],"version-history":[{"count":8,"href":"http:\/\/dreso.com.pl\/index.php\/wp-json\/wp\/v2\/pages\/2569\/revisions"}],"predecessor-version":[{"id":4573,"href":"http:\/\/dreso.com.pl\/index.php\/wp-json\/wp\/v2\/pages\/2569\/revisions\/4573"}],"wp:attachment":[{"href":"http:\/\/dreso.com.pl\/index.php\/wp-json\/wp\/v2\/media?parent=2569"}],"curies":[{"name":"wp","href":"https:\/\/api.w.org\/{rel}","templated":true}]}}