{"id":2591,"date":"2017-03-15T05:07:24","date_gmt":"2017-03-15T05:07:24","guid":{"rendered":"http:\/\/maxstore.kutethemes.net\/?page_id=2591"},"modified":"2021-08-17T14:57:14","modified_gmt":"2021-08-17T12:57:14","slug":"about","status":"publish","type":"page","link":"http:\/\/dreso.com.pl\/index.php\/about\/","title":{"rendered":"O Firmie"},"content":{"rendered":"<p>[vc_row css=&#8221;.vc_custom_1489651752213{padding-bottom: 25px !important;}&#8221;][vc_column offset=&#8221;vc_col-lg-5 vc_col-md-12&#8243;][vc_single_image image=&#8221;4243&#8243; img_size=&#8221;full&#8221; alignment=&#8221;center&#8221;][\/vc_column][vc_column css=&#8221;.vc_custom_1490845856327{padding-top: 50px !important;}&#8221; offset=&#8221;vc_col-lg-7 vc_col-md-12&#8243;][vc_custom_heading text=&#8221;Ch\u0119tnie s\u0142u\u017cymy rad\u0105 i swoim ponad 30-letnim do\u015bwiadczeniem&#8221; font_container=&#8221;tag:h3|font_size:20|text_align:left|color:%23222222|line_height:30px&#8221; use_theme_fonts=&#8221;yes&#8221;][vc_separator color=&#8221;custom&#8221; align=&#8221;align_left&#8221; border_width=&#8221;2&#8243; el_width=&#8221;10&#8243; accent_color=&#8221;#dddddd&#8221; css=&#8221;.vc_custom_1489555050615{margin-top: 10px !important;margin-bottom: 30px !important;}&#8221;][vc_custom_heading text=&#8221;Nasz\u0105 dzia\u0142alno\u015b\u0107 produkcyjn\u0105 rozpocz\u0119li\u015bmy w 1990 roku.<\/p>\n<p>Przez pierwsze lata podstawowym produktem firmy obok T-shirt\u00f3w i bluzek polo, by\u0142y dresy sportowe &#8211; st\u0105d nazwa DRESO.<br \/>\nFirma z roku na rok rozbudowywa\u0142a si\u0119, poszerzaj\u0105c swoj\u0105 dzia\u0142alno\u015b\u0107 kolejno o: pracowni\u0119 sitodruku, dzia\u0142 odzie\u017cy ci\u0119\u017cszej (kurtki, torby, odzie\u017c robocza, czapki), pracowni\u0119 haftu komputerowego i przygotowalni\u0119 graficzn\u0105. Najnowsza inwestycja to rozszerzenie us\u0142ug znakowania odzie\u017cy technik\u0105 flock i flex.<\/p>\n<p>Naszym celem jest zapewni\u0107 Pa\u0144stwu kompleksow\u0105 realizacj\u0119 produktu (gad\u017cetu) tekstylnego, pocz\u0105wszy od doradztwa i projektu, poprzez jego wykonanie, a ko\u0144cz\u0105c na znakowaniu w dowolnej technice (haft, sito, flock\/flex).<\/p>\n<p>Mamy nadziej\u0119, \u017ce przez minione 30 lat nabrali\u015bmy do\u015bwiadczenia, kt\u00f3re pozwoli sprosta\u0107 Pa\u0144stwa oczekiwaniom.<\/p>\n<p>Zapraszamy!&#8221; font_container=&#8221;tag:p|font_size:14|text_align:left|color:%23555555|line_height:24px&#8221; use_theme_fonts=&#8221;yes&#8221;][vc_facebook][\/vc_column][\/vc_row][vc_row full_width=&#8221;stretch_row&#8221; css=&#8221;.vc_custom_1489654920427{padding-top: 20px !important;padding-bottom: 55px !important;background-color: #f8f8f8 !important;}&#8221;][vc_column][vc_custom_heading text=&#8221;Producent Odzie\u017cy Reklamowej<br \/>\nDRESO&#8221; font_container=&#8221;tag:h3|font_size:24|text_align:center|color:%23222222|line_height:1.1&#8243; use_theme_fonts=&#8221;yes&#8221; css=&#8221;.vc_custom_1620377732547{margin-bottom: 10px !important;}&#8221; el_class=&#8221;heading-style1&#8243;][vc_custom_heading text=&#8221;Magdalena Trybus&#8221; font_container=&#8221;tag:p|font_size:16|text_align:center|color:%23888888|line_height:24px&#8221; use_theme_fonts=&#8221;yes&#8221; css=&#8221;.vc_custom_1620377668381{margin-bottom: 55px !important;}&#8221;][vc_row_inner][vc_column_inner width=&#8221;1\/4&#8243;]        <div class=\"block-icon  layout4 \">\r\n            <a href=\"\" target=\"_self\">\r\n\t\t\t\t                    <span class=\"flaticon-gift-card\"><\/span>\r\n\t\t\t\t            <\/a>\r\n            <div class=\"icon-text\">\r\n\t\t\t\t                    <a href=\"\" target=\"_self\">\r\n                        <h2 class=\"title\">INDYWIDUALNE PODEJ\u015aCIE DO KLIENTA<\/h2>\r\n                    <\/a>\r\n\t\t\t\t\t\t\t\t            <\/div>\r\n        <\/div>\r\n\t[\/vc_column_inner][vc_column_inner width=&#8221;1\/4&#8243;]        <div class=\"block-icon  layout4 \">\r\n            <a href=\"\" target=\"_self\">\r\n\t\t\t\t                    <span class=\"flaticon-arrows\"><\/span>\r\n\t\t\t\t            <\/a>\r\n            <div class=\"icon-text\">\r\n\t\t\t\t                    <a href=\"\" target=\"_self\">\r\n                        <h2 class=\"title\">TERMINOWA REALIZACJA<\/h2>\r\n                    <\/a>\r\n\t\t\t\t\t\t\t\t            <\/div>\r\n        <\/div>\r\n\t[\/vc_column_inner][vc_column_inner width=&#8221;1\/4&#8243;]        <div class=\"block-icon  layout4 \">\r\n            <a href=\"\" target=\"_self\">\r\n\t\t\t\t                    <span class=\"flaticon-shield\"><\/span>\r\n\t\t\t\t            <\/a>\r\n            <div class=\"icon-text\">\r\n\t\t\t\t                    <a href=\"\" target=\"_self\">\r\n                        <h2 class=\"title\">ZADOWOLENI ODBIORCY W CA\u0141EJ POLSCE<\/h2>\r\n                    <\/a>\r\n\t\t\t\t\t\t\t\t            <\/div>\r\n        <\/div>\r\n\t[\/vc_column_inner][vc_column_inner width=&#8221;1\/4&#8243;]        <div class=\"block-icon  layout4 \">\r\n            <a href=\"\" target=\"_self\">\r\n\t\t\t\t                    <span class=\"flaticon-transport-1\"><\/span>\r\n\t\t\t\t            <\/a>\r\n            <div class=\"icon-text\">\r\n\t\t\t\t                    <a href=\"\" target=\"_self\">\r\n                        <h2 class=\"title\">SZEROKI ASORTYMENT<\/h2>\r\n                    <\/a>\r\n\t\t\t\t\t\t\t\t            <\/div>\r\n        <\/div>\r\n\t[\/vc_column_inner][\/vc_row_inner][\/vc_column][\/vc_row]<\/p>\n","protected":false},"excerpt":{"rendered":"<p>[vc_row css=&#8221;.vc_custom_1489651752213{padding-bottom: 25px !important;}&#8221;][vc_column offset=&#8221;vc_col-lg-5 vc_col-md-12&#8243;][vc_single_image image=&#8221;4243&#8243; img_size=&#8221;full&#8221; alignment=&#8221;center&#8221;][\/vc_column][vc_column css=&#8221;.vc_custom_1490845856327{padding-top: 50px !important;}&#8221; offset=&#8221;vc_col-lg-7 vc_col-md-12&#8243;][vc_custom_heading text=&#8221;Ch\u0119tnie s\u0142u\u017cymy rad\u0105 i swoim ponad 30-letnim do\u015bwiadczeniem&#8221; font_container=&#8221;tag:h3|font_size:20|text_align:left|color:%23222222|line_height:30px&#8221; use_theme_fonts=&#8221;yes&#8221;][vc_separator color=&#8221;custom&#8221; align=&#8221;align_left&#8221; border_width=&#8221;2&#8243; el_width=&#8221;10&#8243; accent_color=&#8221;#dddddd&#8221; css=&#8221;.vc_custom_1489555050615{margin-top: 10px !important;margin-bottom: 30px !important;}&#8221;][vc_custom_heading text=&#8221;Nasz\u0105 dzia\u0142alno\u015b\u0107 produkcyjn\u0105 rozpocz\u0119li\u015bmy w 1990 roku. Przez pierwsze lata podstawowym produktem firmy obok T-shirt\u00f3w i bluzek polo, by\u0142y dresy sportowe [&hellip;]<\/p>\n","protected":false},"author":1,"featured_media":0,"parent":0,"menu_order":0,"comment_status":"open","ping_status":"open","template":"page-templates\/fullwidth-breadcrumbs.php","meta":{"footnotes":""},"class_list":["post-2591","page","type-page","status-publish","hentry"],"_links":{"self":[{"href":"http:\/\/dreso.com.pl\/index.php\/wp-json\/wp\/v2\/pages\/2591","targetHints":{"allow":["GET"]}}],"collection":[{"href":"http:\/\/dreso.com.pl\/index.php\/wp-json\/wp\/v2\/pages"}],"about":[{"href":"http:\/\/dreso.com.pl\/index.php\/wp-json\/wp\/v2\/types\/page"}],"author":[{"embeddable":true,"href":"http:\/\/dreso.com.pl\/index.php\/wp-json\/wp\/v2\/users\/1"}],"replies":[{"embeddable":true,"href":"http:\/\/dreso.com.pl\/index.php\/wp-json\/wp\/v2\/comments?post=2591"}],"version-history":[{"count":13,"href":"http:\/\/dreso.com.pl\/index.php\/wp-json\/wp\/v2\/pages\/2591\/revisions"}],"predecessor-version":[{"id":4242,"href":"http:\/\/dreso.com.pl\/index.php\/wp-json\/wp\/v2\/pages\/2591\/revisions\/4242"}],"wp:attachment":[{"href":"http:\/\/dreso.com.pl\/index.php\/wp-json\/wp\/v2\/media?parent=2591"}],"curies":[{"name":"wp","href":"https:\/\/api.w.org\/{rel}","templated":true}]}}