{"id":3688,"date":"2017-04-24T03:23:55","date_gmt":"2017-04-24T03:23:55","guid":{"rendered":"http:\/\/maxstore.kutethemes.net\/?page_id=3688"},"modified":"2021-09-09T16:24:25","modified_gmt":"2021-09-09T14:24:25","slug":"oferta","status":"publish","type":"page","link":"http:\/\/dreso.com.pl\/index.php\/oferta\/","title":{"rendered":"Oferta"},"content":{"rendered":"<p>[vc_row css=&#8221;.vc_custom_1494388264428{padding-top: 0px !important;padding-bottom: 30px !important;}&#8221;][vc_column][vc_column_text]<\/p>\n<h3 style=\"text-align: center;\"><strong>Zapraszamy do zapoznania si\u0119 z nasz\u0105 ofert\u0105.<\/strong><\/h3>\n<p>&nbsp;<\/p>\n<h4>Je\u017celi znajdziecie Pa\u0144stwo produkt, kt\u00f3ry Was zainteresuje prosimy o kontakt.<\/h4>\n<p>[\/vc_column_text]<div id=\"content-169\" class=\"product-list-grid row auto-clear  ms-woocommerce-products default ms-content-product all-a-line \" >\r\n            <div data-cat=\"\" data-id=\"post-4565\" class=\"product-item product content-product-style-1  rows-space-0 col-lg-3 col-md-4 col-sm-4 col-xs-6 col-ts-12 post-4565 product type-product status-publish has-post-thumbnail product_cat-czapki first instock shipping-taxable product-type-simple\" data-style=\"1\" data-number=\"4\" data-width=\"600\" data-height=\"600\">\r\n            <div class=\"product-inner\">\r\n\t\t<div class=\"product-thumb\">\r\n\t\t        <div class=\"thumb-inner hover-default\">\r\n            <a class=\"thumb-link\" href=\"http:\/\/dreso.com.pl\/index.php\/product\/czapki-zimowe-z-pomponem\/\">\r\n\t\t\t\t                    <span class=\"back-image\"><img loading=\"lazy\" decoding=\"async\" src=\"http:\/\/dreso.com.pl\/wp-content\/uploads\/2022\/02\/IMG_0562__DO_CIECIA_-removebg-preview_-407x600.jpg\" width=\"407\" height=\"600\" alt=\"\"><\/span>\r\n\t\t\t\t\t\t\t\t\t\t\t\t<img loading=\"lazy\" decoding=\"async\" src=\"http:\/\/dreso.com.pl\/wp-content\/uploads\/2022\/02\/IMG_0560_-removebg-preview_-408x600.jpg\" width=\"408\" height=\"600\" alt=\"\">            <\/a>\r\n        <\/div>\r\n\r\n\t\t\t\t<div class=\"product-button\">\r\n\t\t\t<div class=\"inner\">\r\n\t\t\t\t<a href=\"#\" class=\"button yith-wcqv-button\" data-product_id=\"4565\">Quick View<\/a>\t\t\t<\/div>\r\n\t\t<\/div>\r\n\r\n\t<\/div>\r\n\t<div class=\"info-product\">\r\n\t\t        <h3 class=\"title-product product_title pj-title\"><a\r\n                    href=\"http:\/\/dreso.com.pl\/index.php\/product\/czapki-zimowe-z-pomponem\/\">CZAPKI ZIMOWE Z POMPONEM<\/a><\/h3>\r\n\t\t<a href=\"http:\/\/dreso.com.pl\/index.php\/product\/czapki-zimowe-z-pomponem\/\" data-quantity=\"1\" class=\"outline-button add-to-cart button product_type_simple\" data-product_id=\"4565\" data-product_sku=\"\" aria-label=\"Przeczytaj wi\u0119cej o &bdquo;CZAPKI ZIMOWE Z POMPONEM&rdquo;\" rel=\"nofollow\" data-success_message=\"\"><span>&#43; <\/span>Dowiedz si\u0119 wi\u0119cej<\/a><a href=\"#\" class=\"button yith-wcqv-button\" data-product_id=\"4565\">Quick View<\/a>\t\r\n\t<\/div>\r\n<\/div>\r\n        <\/div>\r\n            <div data-cat=\"\" data-id=\"post-4560\" class=\"product-item product content-product-style-1  rows-space-0 col-lg-3 col-md-4 col-sm-4 col-xs-6 col-ts-12 post-4560 product type-product status-publish has-post-thumbnail product_cat-inne instock shipping-taxable product-type-simple\" data-style=\"1\" data-number=\"4\" data-width=\"600\" data-height=\"600\">\r\n            <div class=\"product-inner\">\r\n\t\t<div class=\"product-thumb\">\r\n\t\t        <div class=\"thumb-inner hover-default\">\r\n            <a class=\"thumb-link\" href=\"http:\/\/dreso.com.pl\/index.php\/product\/woreczki\/\">\r\n\t\t\t\t                    <span class=\"back-image\"><img loading=\"lazy\" decoding=\"async\" src=\"http:\/\/dreso.com.pl\/wp-content\/uploads\/2022\/02\/IMG_0539_-scaled-600x600.jpg\" width=\"600\" height=\"600\" alt=\"\"><\/span>\r\n\t\t\t\t\t\t\t\t\t\t\t\t<img loading=\"lazy\" decoding=\"async\" src=\"http:\/\/dreso.com.pl\/wp-content\/uploads\/2022\/02\/IMG_0552__-scaled-600x600.jpg\" width=\"600\" height=\"600\" alt=\"\">            <\/a>\r\n        <\/div>\r\n\r\n\t\t\t\t<div class=\"product-button\">\r\n\t\t\t<div class=\"inner\">\r\n\t\t\t\t<a href=\"#\" class=\"button yith-wcqv-button\" data-product_id=\"4560\">Quick View<\/a>\t\t\t<\/div>\r\n\t\t<\/div>\r\n\r\n\t<\/div>\r\n\t<div class=\"info-product\">\r\n\t\t        <h3 class=\"title-product product_title pj-title\"><a\r\n                    href=\"http:\/\/dreso.com.pl\/index.php\/product\/woreczki\/\">WORECZKI<\/a><\/h3>\r\n\t\t<a href=\"http:\/\/dreso.com.pl\/index.php\/product\/woreczki\/\" data-quantity=\"1\" class=\"outline-button add-to-cart button product_type_simple\" data-product_id=\"4560\" data-product_sku=\"\" aria-label=\"Przeczytaj wi\u0119cej o &bdquo;WORECZKI&rdquo;\" rel=\"nofollow\" data-success_message=\"\"><span>&#43; <\/span>Dowiedz si\u0119 wi\u0119cej<\/a><a href=\"#\" class=\"button yith-wcqv-button\" data-product_id=\"4560\">Quick View<\/a>\t\r\n\t<\/div>\r\n<\/div>\r\n        <\/div>\r\n            <div data-cat=\"\" data-id=\"post-4554\" class=\"product-item product content-product-style-1  rows-space-0 col-lg-3 col-md-4 col-sm-4 col-xs-6 col-ts-12 post-4554 product type-product status-publish has-post-thumbnail product_cat-akcesoria instock shipping-taxable product-type-simple\" data-style=\"1\" data-number=\"4\" data-width=\"600\" data-height=\"600\">\r\n            <div class=\"product-inner\">\r\n\t\t<div class=\"product-thumb\">\r\n\t\t        <div class=\"thumb-inner hover-default\">\r\n            <a class=\"thumb-link\" href=\"http:\/\/dreso.com.pl\/index.php\/product\/kilty-do-sauny\/\">\r\n\t\t\t\t                    <span class=\"back-image\"><img loading=\"lazy\" decoding=\"async\" src=\"http:\/\/dreso.com.pl\/wp-content\/uploads\/2021\/10\/Kilty-do-sauny-pierwowzor___-600x600.jpg\" width=\"600\" height=\"600\" alt=\"\"><\/span>\r\n\t\t\t\t\t\t\t\t\t\t\t\t<img loading=\"lazy\" decoding=\"async\" src=\"http:\/\/dreso.com.pl\/wp-content\/uploads\/2021\/10\/Kilty-do-sauny-pierwowzor_-600x600.jpg\" width=\"600\" height=\"600\" alt=\"\">            <\/a>\r\n        <\/div>\r\n\r\n\t\t\t\t<div class=\"product-button\">\r\n\t\t\t<div class=\"inner\">\r\n\t\t\t\t<a href=\"#\" class=\"button yith-wcqv-button\" data-product_id=\"4554\">Quick View<\/a>\t\t\t<\/div>\r\n\t\t<\/div>\r\n\r\n\t<\/div>\r\n\t<div class=\"info-product\">\r\n\t\t        <h3 class=\"title-product product_title pj-title\"><a\r\n                    href=\"http:\/\/dreso.com.pl\/index.php\/product\/kilty-do-sauny\/\">KILTY DO SAUNY<\/a><\/h3>\r\n\t\t<a href=\"http:\/\/dreso.com.pl\/index.php\/product\/kilty-do-sauny\/\" data-quantity=\"1\" class=\"outline-button add-to-cart button product_type_simple\" data-product_id=\"4554\" data-product_sku=\"\" aria-label=\"Przeczytaj wi\u0119cej o &bdquo;KILTY DO SAUNY&rdquo;\" rel=\"nofollow\" data-success_message=\"\"><span>&#43; <\/span>Dowiedz si\u0119 wi\u0119cej<\/a><a href=\"#\" class=\"button yith-wcqv-button\" data-product_id=\"4554\">Quick View<\/a>\t\r\n\t<\/div>\r\n<\/div>\r\n        <\/div>\r\n            <div data-cat=\"\" data-id=\"post-4515\" class=\"product-item product content-product-style-1  rows-space-0 col-lg-3 col-md-4 col-sm-4 col-xs-6 col-ts-12 post-4515 product type-product status-publish has-post-thumbnail product_cat-maseczki last instock shipping-taxable product-type-simple\" data-style=\"1\" data-number=\"4\" data-width=\"600\" data-height=\"600\">\r\n            <div class=\"product-inner\">\r\n\t\t<div class=\"product-thumb\">\r\n\t\t        <div class=\"thumb-inner hover-default\">\r\n            <a class=\"thumb-link\" href=\"http:\/\/dreso.com.pl\/index.php\/product\/maseczki-okolicznosciowe\/\">\r\n\t\t\t\t                    <span class=\"back-image\"><img loading=\"lazy\" decoding=\"async\" src=\"http:\/\/dreso.com.pl\/wp-content\/uploads\/2021\/08\/20200506_113722_-scaled-600x600.jpg\" width=\"600\" height=\"600\" alt=\"\"><\/span>\r\n\t\t\t\t\t\t\t\t\t\t\t\t<img loading=\"lazy\" decoding=\"async\" src=\"http:\/\/dreso.com.pl\/wp-content\/uploads\/2021\/08\/20210421_140410_-removebg-preview_-_-600x538.jpg\" width=\"600\" height=\"538\" alt=\"\">            <\/a>\r\n        <\/div>\r\n\r\n\t\t\t\t<div class=\"product-button\">\r\n\t\t\t<div class=\"inner\">\r\n\t\t\t\t<a href=\"#\" class=\"button yith-wcqv-button\" data-product_id=\"4515\">Quick View<\/a>\t\t\t<\/div>\r\n\t\t<\/div>\r\n\r\n\t<\/div>\r\n\t<div class=\"info-product\">\r\n\t\t        <h3 class=\"title-product product_title pj-title\"><a\r\n                    href=\"http:\/\/dreso.com.pl\/index.php\/product\/maseczki-okolicznosciowe\/\">MASECZKI OKOLICZNO\u015aCIOWE<\/a><\/h3>\r\n\t\t<a href=\"http:\/\/dreso.com.pl\/index.php\/product\/maseczki-okolicznosciowe\/\" data-quantity=\"1\" class=\"outline-button add-to-cart button product_type_simple\" data-product_id=\"4515\" data-product_sku=\"\" aria-label=\"Przeczytaj wi\u0119cej o &bdquo;MASECZKI OKOLICZNO\u015aCIOWE&rdquo;\" rel=\"nofollow\" data-success_message=\"\"><span>&#43; <\/span>Dowiedz si\u0119 wi\u0119cej<\/a><a href=\"#\" class=\"button yith-wcqv-button\" data-product_id=\"4515\">Quick View<\/a>\t\r\n\t<\/div>\r\n<\/div>\r\n        <\/div>\r\n            <div data-cat=\"\" data-id=\"post-4514\" class=\"product-item product content-product-style-1  rows-space-0 col-lg-3 col-md-4 col-sm-4 col-xs-6 col-ts-12 post-4514 product type-product status-publish has-post-thumbnail product_cat-maseczki first instock shipping-taxable product-type-simple\" data-style=\"1\" data-number=\"4\" data-width=\"600\" data-height=\"600\">\r\n            <div class=\"product-inner\">\r\n\t\t<div class=\"product-thumb\">\r\n\t\t        <div class=\"thumb-inner hover-default\">\r\n            <a class=\"thumb-link\" href=\"http:\/\/dreso.com.pl\/index.php\/product\/maseczki-profilowane\/\">\r\n\t\t\t\t                    <span class=\"back-image\"><img loading=\"lazy\" decoding=\"async\" src=\"http:\/\/dreso.com.pl\/wp-content\/uploads\/2021\/08\/20201222_192323_-_-600x600.jpg\" width=\"600\" height=\"600\" alt=\"\"><\/span>\r\n\t\t\t\t\t\t\t\t\t\t\t\t<img loading=\"lazy\" decoding=\"async\" src=\"http:\/\/dreso.com.pl\/wp-content\/uploads\/2021\/08\/Maseczka-profilowana-600x600.jpg\" width=\"600\" height=\"600\" alt=\"\">            <\/a>\r\n        <\/div>\r\n\r\n\t\t\t\t<div class=\"product-button\">\r\n\t\t\t<div class=\"inner\">\r\n\t\t\t\t<a href=\"#\" class=\"button yith-wcqv-button\" data-product_id=\"4514\">Quick View<\/a>\t\t\t<\/div>\r\n\t\t<\/div>\r\n\r\n\t<\/div>\r\n\t<div class=\"info-product\">\r\n\t\t        <h3 class=\"title-product product_title pj-title\"><a\r\n                    href=\"http:\/\/dreso.com.pl\/index.php\/product\/maseczki-profilowane\/\">MASECZKI PROFILOWANE<\/a><\/h3>\r\n\t\t<a href=\"http:\/\/dreso.com.pl\/index.php\/product\/maseczki-profilowane\/\" data-quantity=\"1\" class=\"outline-button add-to-cart button product_type_simple\" data-product_id=\"4514\" data-product_sku=\"\" aria-label=\"Przeczytaj wi\u0119cej o &bdquo;MASECZKI PROFILOWANE&rdquo;\" rel=\"nofollow\" data-success_message=\"\"><span>&#43; <\/span>Dowiedz si\u0119 wi\u0119cej<\/a><a href=\"#\" class=\"button yith-wcqv-button\" data-product_id=\"4514\">Quick View<\/a>\t\r\n\t<\/div>\r\n<\/div>\r\n        <\/div>\r\n            <div data-cat=\"\" data-id=\"post-4513\" class=\"product-item product content-product-style-1  rows-space-0 col-lg-3 col-md-4 col-sm-4 col-xs-6 col-ts-12 post-4513 product type-product status-publish has-post-thumbnail product_cat-maseczki product_cat-uncategorized instock shipping-taxable product-type-simple\" data-style=\"1\" data-number=\"4\" data-width=\"600\" data-height=\"600\">\r\n            <div class=\"product-inner\">\r\n\t\t<div class=\"product-thumb\">\r\n\t\t        <div class=\"thumb-inner hover-default\">\r\n            <a class=\"thumb-link\" href=\"http:\/\/dreso.com.pl\/index.php\/product\/maseczki-z-zakladkami-z-logo\/\">\r\n\t\t\t\t                    <span class=\"back-image\"><img loading=\"lazy\" decoding=\"async\" src=\"http:\/\/dreso.com.pl\/wp-content\/uploads\/2021\/08\/20200505_100906_-_-scaled-600x600.jpg\" width=\"600\" height=\"600\" alt=\"\"><\/span>\r\n\t\t\t\t\t\t\t\t\t\t\t\t<img loading=\"lazy\" decoding=\"async\" src=\"http:\/\/dreso.com.pl\/wp-content\/uploads\/2021\/08\/Maseczki-kolorowe-na-strone-600x600.jpg\" width=\"600\" height=\"600\" alt=\"\">            <\/a>\r\n        <\/div>\r\n\r\n\t\t\t\t<div class=\"product-button\">\r\n\t\t\t<div class=\"inner\">\r\n\t\t\t\t<a href=\"#\" class=\"button yith-wcqv-button\" data-product_id=\"4513\">Quick View<\/a>\t\t\t<\/div>\r\n\t\t<\/div>\r\n\r\n\t<\/div>\r\n\t<div class=\"info-product\">\r\n\t\t        <h3 class=\"title-product product_title pj-title\"><a\r\n                    href=\"http:\/\/dreso.com.pl\/index.php\/product\/maseczki-z-zakladkami-z-logo\/\">MASECZKI Z ZAK\u0141ADKAMI<\/a><\/h3>\r\n\t\t<a href=\"http:\/\/dreso.com.pl\/index.php\/product\/maseczki-z-zakladkami-z-logo\/\" data-quantity=\"1\" class=\"outline-button add-to-cart button product_type_simple\" data-product_id=\"4513\" data-product_sku=\"\" aria-label=\"Przeczytaj wi\u0119cej o &bdquo;MASECZKI Z ZAK\u0141ADKAMI&rdquo;\" rel=\"nofollow\" data-success_message=\"\"><span>&#43; <\/span>Dowiedz si\u0119 wi\u0119cej<\/a><a href=\"#\" class=\"button yith-wcqv-button\" data-product_id=\"4513\">Quick View<\/a>\t\r\n\t<\/div>\r\n<\/div>\r\n        <\/div>\r\n    <\/div>\r\n            <div class=\"ms-loadmore\">\r\n            <a id=\"private-169\" class=\"button ms-button-loadmore\" href=\"#\">\r\n                load more items                <i class=\"fa fa-arrow-circle-right\" aria-hidden=\"true\"><\/i>\r\n            <\/a>\r\n        <\/div>\r\n    [\/vc_column][\/vc_row][vc_row][vc_column][\/vc_column][\/vc_row]<\/p>\n","protected":false},"excerpt":{"rendered":"<p>[vc_row css=&#8221;.vc_custom_1494388264428{padding-top: 0px !important;padding-bottom: 30px !important;}&#8221;][vc_column][vc_column_text] Zapraszamy do zapoznania si\u0119 z nasz\u0105 ofert\u0105. &nbsp; Je\u017celi znajdziecie Pa\u0144stwo produkt, kt\u00f3ry Was zainteresuje prosimy o kontakt. [\/vc_column_text][\/vc_column][\/vc_row][vc_row][vc_column][\/vc_column][\/vc_row]<\/p>\n","protected":false},"author":1,"featured_media":0,"parent":0,"menu_order":0,"comment_status":"closed","ping_status":"closed","template":"","meta":{"footnotes":""},"class_list":["post-3688","page","type-page","status-publish","hentry"],"_links":{"self":[{"href":"http:\/\/dreso.com.pl\/index.php\/wp-json\/wp\/v2\/pages\/3688","targetHints":{"allow":["GET"]}}],"collection":[{"href":"http:\/\/dreso.com.pl\/index.php\/wp-json\/wp\/v2\/pages"}],"about":[{"href":"http:\/\/dreso.com.pl\/index.php\/wp-json\/wp\/v2\/types\/page"}],"author":[{"embeddable":true,"href":"http:\/\/dreso.com.pl\/index.php\/wp-json\/wp\/v2\/users\/1"}],"replies":[{"embeddable":true,"href":"http:\/\/dreso.com.pl\/index.php\/wp-json\/wp\/v2\/comments?post=3688"}],"version-history":[{"count":9,"href":"http:\/\/dreso.com.pl\/index.php\/wp-json\/wp\/v2\/pages\/3688\/revisions"}],"predecessor-version":[{"id":4538,"href":"http:\/\/dreso.com.pl\/index.php\/wp-json\/wp\/v2\/pages\/3688\/revisions\/4538"}],"wp:attachment":[{"href":"http:\/\/dreso.com.pl\/index.php\/wp-json\/wp\/v2\/media?parent=3688"}],"curies":[{"name":"wp","href":"https:\/\/api.w.org\/{rel}","templated":true}]}}