{"id":4262,"date":"2021-05-07T10:47:32","date_gmt":"2021-05-07T08:47:32","guid":{"rendered":"http:\/\/dreso.com.pl\/?post_type=product&#038;p=4262"},"modified":"2021-08-31T09:54:31","modified_gmt":"2021-08-31T07:54:31","slug":"haft","status":"publish","type":"product","link":"http:\/\/dreso.com.pl\/index.php\/product\/haft\/","title":{"rendered":"HAFT"},"content":{"rendered":"","protected":false},"excerpt":{"rendered":"<ul>\n<li>\n<h3>wieloletnia praktyka, kr\u00f3tkie terminy, rozs\u0105dne ceny<\/h3>\n<\/li>\n<li>\n<h3>s\u0142u\u017cymy pomoca przy opracowywaniu dowolnych wzor\u00f3w<\/h3>\n<\/li>\n<li>\n<h3>haftujemy na wykrojach i odzie\u017cy gotowej (tak\u017ce na czapka z szwem z przodu)<\/h3>\n<\/li>\n<li>\n<h3>robimy naszywki i aplikacje na tkaninie i filcu, r\u00f3wnie\u017c do samodzielnego naszycia przez Klienta (tak\u017ce tarcze szkolne)<\/h3>\n<\/li>\n<\/ul>\n","protected":false},"featured_media":4263,"template":"","meta":[],"product_brand":[],"product_cat":[99],"product_tag":[],"class_list":{"0":"post-4262","1":"product","2":"type-product","3":"status-publish","4":"has-post-thumbnail","6":"product_cat-znakowania","8":"first","9":"onbackorder","10":"shipping-taxable","11":"product-type-simple"},"_links":{"self":[{"href":"http:\/\/dreso.com.pl\/index.php\/wp-json\/wp\/v2\/product\/4262","targetHints":{"allow":["GET"]}}],"collection":[{"href":"http:\/\/dreso.com.pl\/index.php\/wp-json\/wp\/v2\/product"}],"about":[{"href":"http:\/\/dreso.com.pl\/index.php\/wp-json\/wp\/v2\/types\/product"}],"wp:featuredmedia":[{"embeddable":true,"href":"http:\/\/dreso.com.pl\/index.php\/wp-json\/wp\/v2\/media\/4263"}],"wp:attachment":[{"href":"http:\/\/dreso.com.pl\/index.php\/wp-json\/wp\/v2\/media?parent=4262"}],"wp:term":[{"taxonomy":"product_brand","embeddable":true,"href":"http:\/\/dreso.com.pl\/index.php\/wp-json\/wp\/v2\/product_brand?post=4262"},{"taxonomy":"product_cat","embeddable":true,"href":"http:\/\/dreso.com.pl\/index.php\/wp-json\/wp\/v2\/product_cat?post=4262"},{"taxonomy":"product_tag","embeddable":true,"href":"http:\/\/dreso.com.pl\/index.php\/wp-json\/wp\/v2\/product_tag?post=4262"}],"curies":[{"name":"wp","href":"https:\/\/api.w.org\/{rel}","templated":true}]}}