{"id":4270,"date":"2021-05-07T12:39:53","date_gmt":"2021-05-07T10:39:53","guid":{"rendered":"http:\/\/dreso.com.pl\/?post_type=product&#038;p=4270"},"modified":"2021-08-31T09:50:18","modified_gmt":"2021-08-31T07:50:18","slug":"flock-flex","status":"publish","type":"product","link":"http:\/\/dreso.com.pl\/index.php\/product\/flock-flex\/","title":{"rendered":"FLOCK \/ FLEX"},"content":{"rendered":"<ul>\n<li>\n<h4>wyposa\u017cenie naszej pracowni gwarantuje Pa\u0144stwu oszcz\u0119dno\u015b\u0107 czasu, s\u0142u\u017cymy pomoc\u0105 przy wykonywaniu projekt\u00f3w graficznych,<\/h4>\n<\/li>\n<li>\n<h4>dysponujemy nowoczesnym sprz\u0119tem umo\u017cliwiaj\u0105cym wykonywanie precyzyjnych i trwa\u0142ych znakowa\u0144<\/h4>\n<\/li>\n<\/ul>\n","protected":false},"excerpt":{"rendered":"<ul>\n<li>\n<h3><strong>flock <\/strong>jest technik\u0105 elektrostatycznego nanoszenia strzy\u017cy tekstylnej na r\u00f3\u017cnego rodzaju tkaninach i dzianinach, wyr\u00f3\u017cnia si\u0119 idealnym i efektownym kryciem oraz wyrazistymi barwami i konturami (charakterystyczny &#8222;meszek&#8221;)<\/h3>\n<\/li>\n<li>\n<h3><strong>flex<\/strong> &#8211; gwarantuje znakowanie o g\u0142adkiej, jednolitej powierzchni<\/h3>\n<\/li>\n<\/ul>\n","protected":false},"featured_media":4396,"template":"","meta":[],"product_brand":[],"product_cat":[99],"product_tag":[],"class_list":{"0":"post-4270","1":"product","2":"type-product","3":"status-publish","4":"has-post-thumbnail","6":"product_cat-znakowania","8":"first","9":"onbackorder","10":"shipping-taxable","11":"product-type-simple"},"_links":{"self":[{"href":"http:\/\/dreso.com.pl\/index.php\/wp-json\/wp\/v2\/product\/4270","targetHints":{"allow":["GET"]}}],"collection":[{"href":"http:\/\/dreso.com.pl\/index.php\/wp-json\/wp\/v2\/product"}],"about":[{"href":"http:\/\/dreso.com.pl\/index.php\/wp-json\/wp\/v2\/types\/product"}],"wp:featuredmedia":[{"embeddable":true,"href":"http:\/\/dreso.com.pl\/index.php\/wp-json\/wp\/v2\/media\/4396"}],"wp:attachment":[{"href":"http:\/\/dreso.com.pl\/index.php\/wp-json\/wp\/v2\/media?parent=4270"}],"wp:term":[{"taxonomy":"product_brand","embeddable":true,"href":"http:\/\/dreso.com.pl\/index.php\/wp-json\/wp\/v2\/product_brand?post=4270"},{"taxonomy":"product_cat","embeddable":true,"href":"http:\/\/dreso.com.pl\/index.php\/wp-json\/wp\/v2\/product_cat?post=4270"},{"taxonomy":"product_tag","embeddable":true,"href":"http:\/\/dreso.com.pl\/index.php\/wp-json\/wp\/v2\/product_tag?post=4270"}],"curies":[{"name":"wp","href":"https:\/\/api.w.org\/{rel}","templated":true}]}}