{"id":4271,"date":"2021-05-07T12:43:31","date_gmt":"2021-05-07T10:43:31","guid":{"rendered":"http:\/\/dreso.com.pl\/?post_type=product&#038;p=4271"},"modified":"2021-08-31T09:52:39","modified_gmt":"2021-08-31T07:52:39","slug":"sitodruk","status":"publish","type":"product","link":"http:\/\/dreso.com.pl\/index.php\/product\/sitodruk\/","title":{"rendered":"SITODRUK"},"content":{"rendered":"<ul>\n<li>\n<h3>wyposa\u017cenie naszej pracowni gwarantuje Pa\u0144stwu oszcz\u0119dno\u015b\u0107 czasu, s\u0142u\u017cymy pomoc\u0105 przy wykonywaniu projekt\u00f3w graficznych,<\/h3>\n<h3>a tak\u017ce na\u015bwietlamy klisze i matryce<\/h3>\n<\/li>\n<li>\n<h3>dysponujemy nowoczesnym sprz\u0119tem umo\u017cliwiaj\u0105cym wykonywanie precyzyjnych i trwa\u0142ych nadruk\u00f3w<\/h3>\n<\/li>\n<li>\n<h3>mo\u017cecie Pa\u0144stwo zaufa\u0107 naszemu do\u015bwiadczeniu &#8211; nadruki wykonujemy ju\u017c od <strong>1992<\/strong> roku<\/h3>\n<\/li>\n<\/ul>\n","protected":false},"excerpt":{"rendered":"<ul>\n<li>\n<h3><strong>sitodruk &#8211;<\/strong> metoda druku bezpo\u015bredniego, na jasnych pod\u0142o\u017cach drukujemy farbami transparentnymi, na ciemnych &#8211; drukujemy najpierw apl\u0119, mi\u0119dzyoperacyjnie podsuszamy j\u0105, a nast\u0119pnie nanosimy kolejne kolory<\/h3>\n<\/li>\n<li>\n<h3><strong>transfer\/sublimacja &#8211;<\/strong> to metoda druku po\u015bredniego, najpierw drukujemy sitodrukiem na specjalnym papierze transf., a nast\u0119pnie przy pomocy specjalnej prasy (z regulowan\u0105 temperatur\u0105 i si\u0142\u0105 docisku &#8211; co jest gwarancj\u00c4\u0105 trwa\u0142o\u015bci) przenosimy druk z papieru na materia\u0142<\/h3>\n<\/li>\n<\/ul>\n","protected":false},"featured_media":4272,"template":"","meta":[],"product_brand":[],"product_cat":[99],"product_tag":[],"class_list":{"0":"post-4271","1":"product","2":"type-product","3":"status-publish","4":"has-post-thumbnail","6":"product_cat-znakowania","8":"first","9":"onbackorder","10":"shipping-taxable","11":"product-type-simple"},"_links":{"self":[{"href":"http:\/\/dreso.com.pl\/index.php\/wp-json\/wp\/v2\/product\/4271","targetHints":{"allow":["GET"]}}],"collection":[{"href":"http:\/\/dreso.com.pl\/index.php\/wp-json\/wp\/v2\/product"}],"about":[{"href":"http:\/\/dreso.com.pl\/index.php\/wp-json\/wp\/v2\/types\/product"}],"wp:featuredmedia":[{"embeddable":true,"href":"http:\/\/dreso.com.pl\/index.php\/wp-json\/wp\/v2\/media\/4272"}],"wp:attachment":[{"href":"http:\/\/dreso.com.pl\/index.php\/wp-json\/wp\/v2\/media?parent=4271"}],"wp:term":[{"taxonomy":"product_brand","embeddable":true,"href":"http:\/\/dreso.com.pl\/index.php\/wp-json\/wp\/v2\/product_brand?post=4271"},{"taxonomy":"product_cat","embeddable":true,"href":"http:\/\/dreso.com.pl\/index.php\/wp-json\/wp\/v2\/product_cat?post=4271"},{"taxonomy":"product_tag","embeddable":true,"href":"http:\/\/dreso.com.pl\/index.php\/wp-json\/wp\/v2\/product_tag?post=4271"}],"curies":[{"name":"wp","href":"https:\/\/api.w.org\/{rel}","templated":true}]}}