{"id":4273,"date":"2021-05-07T13:06:56","date_gmt":"2021-05-07T11:06:56","guid":{"rendered":"http:\/\/dreso.com.pl\/?post_type=product&#038;p=4273"},"modified":"2021-07-28T08:02:01","modified_gmt":"2021-07-28T06:02:01","slug":"mundurki-szkolne","status":"publish","type":"product","link":"http:\/\/dreso.com.pl\/index.php\/product\/mundurki-szkolne\/","title":{"rendered":"MUNDURKI SZKOLNE"},"content":{"rendered":"","protected":false},"excerpt":{"rendered":"<h3 class=\"moz-quote-pre\">Mamy w ofercie dwie linie mundurk\u00f3w z dzianin.<\/h3>\n<h3 class=\"moz-quote-pre\"><strong>Pierwsza<\/strong>, to wyroby standardowe, gotowe, w klasycznych fasonach, kolorach i rozmiarach &#8211; wyb\u00f3r tej kolekcji gwarantuje szybk\u0105 realizacj\u0119 zam\u00f3wienia i \u0142atwe dom\u00f3wienia nawet w ma\u0142ych ilosci.<\/h3>\n<h3 class=\"moz-quote-pre\"><strong>Druga<\/strong> nasza propozycja to wyroby szyte: projektujemy je z uwzglednieniem wszystkich \u017cycze\u0144 i pod okiem Klienta.<\/h3>\n","protected":false},"featured_media":4274,"template":"","meta":[],"product_brand":[],"product_cat":[95],"product_tag":[],"class_list":{"0":"post-4273","1":"product","2":"type-product","3":"status-publish","4":"has-post-thumbnail","6":"product_cat-odziez","8":"first","9":"onbackorder","10":"shipping-taxable","11":"product-type-simple"},"_links":{"self":[{"href":"http:\/\/dreso.com.pl\/index.php\/wp-json\/wp\/v2\/product\/4273","targetHints":{"allow":["GET"]}}],"collection":[{"href":"http:\/\/dreso.com.pl\/index.php\/wp-json\/wp\/v2\/product"}],"about":[{"href":"http:\/\/dreso.com.pl\/index.php\/wp-json\/wp\/v2\/types\/product"}],"wp:featuredmedia":[{"embeddable":true,"href":"http:\/\/dreso.com.pl\/index.php\/wp-json\/wp\/v2\/media\/4274"}],"wp:attachment":[{"href":"http:\/\/dreso.com.pl\/index.php\/wp-json\/wp\/v2\/media?parent=4273"}],"wp:term":[{"taxonomy":"product_brand","embeddable":true,"href":"http:\/\/dreso.com.pl\/index.php\/wp-json\/wp\/v2\/product_brand?post=4273"},{"taxonomy":"product_cat","embeddable":true,"href":"http:\/\/dreso.com.pl\/index.php\/wp-json\/wp\/v2\/product_cat?post=4273"},{"taxonomy":"product_tag","embeddable":true,"href":"http:\/\/dreso.com.pl\/index.php\/wp-json\/wp\/v2\/product_tag?post=4273"}],"curies":[{"name":"wp","href":"https:\/\/api.w.org\/{rel}","templated":true}]}}