{"id":4345,"date":"2021-06-25T11:19:59","date_gmt":"2021-06-25T09:19:59","guid":{"rendered":"http:\/\/dreso.com.pl\/?post_type=product&#038;p=4345"},"modified":"2023-04-18T10:35:14","modified_gmt":"2023-04-18T08:35:14","slug":"damskie-koszulki-t-shirt","status":"publish","type":"product","link":"http:\/\/dreso.com.pl\/index.php\/product\/damskie-koszulki-t-shirt\/","title":{"rendered":"DAMSKIE KOSZULKI T-SHIRT"},"content":{"rendered":"","protected":false},"excerpt":{"rendered":"<p>W naszej ofercie posiadamy r\u00f3\u017cne propozycje odzie\u017cy:<br \/>\nw wielu <strong>wzorach<\/strong>, <strong>kolorach<\/strong> i <strong>rozmiarach<\/strong>.<br \/>\nMamy tak\u017ce mozliwo\u015b\u0107 szycia na wymiary niestandardowe.<\/p>\n<p><strong>ZACH\u0118CAMY DO KONTAKTU Z NAMI<\/strong> \u2013 staramy si\u0119 zawsze wyja\u015bni\u0107, pom\u00f3c i rozwia\u0107 wszelki w\u0105tpliwo\u015bci naszych Klient\u00f3w. Pozwala nam na to nasze,<br \/>\nponad 30 letnie, do\u015bwiadczenie.<\/p>\n","protected":false},"featured_media":4575,"template":"","meta":[],"product_brand":[],"product_cat":[67],"product_tag":[],"class_list":{"0":"post-4345","1":"product","2":"type-product","3":"status-publish","4":"has-post-thumbnail","6":"product_cat-t-shirt","8":"first","9":"instock","10":"shipping-taxable","11":"product-type-simple"},"_links":{"self":[{"href":"http:\/\/dreso.com.pl\/index.php\/wp-json\/wp\/v2\/product\/4345","targetHints":{"allow":["GET"]}}],"collection":[{"href":"http:\/\/dreso.com.pl\/index.php\/wp-json\/wp\/v2\/product"}],"about":[{"href":"http:\/\/dreso.com.pl\/index.php\/wp-json\/wp\/v2\/types\/product"}],"wp:featuredmedia":[{"embeddable":true,"href":"http:\/\/dreso.com.pl\/index.php\/wp-json\/wp\/v2\/media\/4575"}],"wp:attachment":[{"href":"http:\/\/dreso.com.pl\/index.php\/wp-json\/wp\/v2\/media?parent=4345"}],"wp:term":[{"taxonomy":"product_brand","embeddable":true,"href":"http:\/\/dreso.com.pl\/index.php\/wp-json\/wp\/v2\/product_brand?post=4345"},{"taxonomy":"product_cat","embeddable":true,"href":"http:\/\/dreso.com.pl\/index.php\/wp-json\/wp\/v2\/product_cat?post=4345"},{"taxonomy":"product_tag","embeddable":true,"href":"http:\/\/dreso.com.pl\/index.php\/wp-json\/wp\/v2\/product_tag?post=4345"}],"curies":[{"name":"wp","href":"https:\/\/api.w.org\/{rel}","templated":true}]}}